{"id":156,"date":"2020-06-08T15:48:41","date_gmt":"2020-06-08T13:48:41","guid":{"rendered":"https:\/\/alpha.trueconf.com\/es\/blog\/?page_id=156"},"modified":"2023-01-11T15:21:07","modified_gmt":"2023-01-11T14:21:07","slug":"base-de-conhecimentos","status":"publish","type":"page","link":"https:\/\/trueconf.com/pt-br/blog\/base-de-conhecimentos","title":{"rendered":"Base de conhecimentos"},"content":{"rendered":"<h1>Base de conhecimentos<\/h1>\n<p style=\"text-align: justify;\">Nesta p\u00e1gina reunimos as perguntas mais frequentes de nossos usu\u00e1rios e administradores de sistema. Se voc\u00ea n\u00e3o encontrar uma pergunta que trate do seu problema ou problema, n\u00e3o se preocupe, basta abrir um widget de chat ao vivo nesta p\u00e1gina para obter suporte instant\u00e2neo.<\/p>\n<p>Esta <span style=\"font-weight: 400;\">\u00e9 uma vers\u00e3o incompleta da base de conhecimento TrueConf. Para uma lista completa de artigos dispon\u00edveis em ingl\u00eas, clique <\/span><a href=\"https:\/\/trueconf.com\/blog\/knowledge-base\" target=\"_blank\" rel=\"noopener noreferrer\">aqui<\/a>.<\/p>\n<h2 id=\"getting-started-with-trueconf\" style=\"text-align: justify;\"><span style=\"color: #333333;\"><a href=\"https:\/\/trueconf.com\/blog\/wp-content\/uploads\/2019\/08\/collaboration.png\" data-rel=\"lightbox-gallery-nvpIol9o\" data-rl_title=\"\" data-rl_caption=\"\" title=\"\" target=\"_blank\" rel=\"noopener\"><img decoding=\"async\" class=\"wp-image-12672 alignnone\" src=\"https:\/\/trueconf.com\/blog\/wp-content\/uploads\/2019\/08\/collaboration.png\" alt=\"\" width=\"50\" height=\"50\" loading=\"lazy\" title=\"\"><\/a> Instala\u00e7\u00f5es e integra\u00e7\u00f5es<\/span><\/h2>\n<p><a href=\"https:\/\/trueconf.com\/br\/blog\/base-de-conhecimentos\/o-que-e-uma-pagina-de-convidados.html\" target=\"_blank\" rel=\"noopener\">O que e uma p\u00e1gina de convidados?<\/a><br \/>\n<a href=\"https:\/\/trueconf.com\/br\/blog\/base-de-conhecimentos\/nao-e-possivel-participar-de-reunioes-usando-o-google-chrome-94.html\" target=\"_blank\" rel=\"noopener\">N\u00e3o \u00e9 poss\u00edvel participar de reuni\u00f5es usando o Google Chrome 94+<\/a><br \/>\n<a href=\"https:\/\/trueconf.com\/br\/blog\/base-de-conhecimentos\/trueconf-room-pro-beneficios-e-ativacao.html\" target=\"_blank\" rel=\"noopener\">TrueConf Room PRO: Benef\u00edcios e Ativa\u00e7\u00e3o<\/a><br \/>\n<a href=\"https:\/\/trueconf.com\/br\/blog\/base-de-conhecimentos\/como-renovar-a-licenca-de-trueconf-server-free.html\" target=\"_blank\" rel=\"noopener\">Como Renovar a Licen\u00e7a de TrueConf Server Free<\/a><br \/>\n<a href=\"https:\/\/trueconf.com\/br\/blog\/base-de-conhecimentos\/instale-seu-servidor-para-linux.html\" target=\"_blank\" rel=\"noopener\">Instale e configure seu servidor de videoconfer\u00eancia para Linux em 15 minutos<\/a><br \/>\n<a href=\"https:\/\/trueconf.com\/br\/blog\/base-de-conhecimentos\/como-instalar-e-configurar-o-trueconf-mcu-em-15-minutos.html\" target=\"_blank\" rel=\"noopener\">Como instalar e configurar o TrueConf MCU em 15 minutos<\/a><br \/>\n<a href=\"https:\/\/trueconf.com\/br\/blog\/base-de-conhecimentos\/guia-simples-de-videoconferencias-4k-em-2021.html\" target=\"_blank\" rel=\"noopener\">Guia simples de videoconfer\u00eancias 4K em 2021<\/a><br \/>\n<a href=\"https:\/\/trueconf.com\/br\/blog\/base-de-conhecimentos\/como-os-usuarios-do-trueconf-server-podem-participar-de-reunioes-hospedadas-em-servicos-de-videoconferencia-baseados-em-nuvem.html\" target=\"_blank\" rel=\"noopener\">Como participar de reuni\u00f5es hospedadas em servi\u00e7os de videoconfer\u00eancia baseados em nuvem<\/a><br \/>\n<a href=\"https:\/\/trueconf.com\/br\/blog\/base-de-conhecimentos\/como-agendar-uma-videoconferencia-no-trueconf.html\" target=\"_blank\" rel=\"noopener\">Como agendar uma videoconfer\u00eancia no TrueConf<\/a><br \/>\n<a href=\"https:\/\/trueconf.com\/br\/blog\/base-de-conhecimentos\/como-atualizar-o-trueconf-server.html\" target=\"_blank\" rel=\"noopener\">Como atualizar o TrueConf Server?<\/a><br \/>\n<a href=\"https:\/\/trueconf.com\/br\/blog\/base-de-conhecimentos\/como-participar-de-conferencias-e-ligar-para-usuarios-trueconf-de-um-telefone-comum.html\" target=\"_blank\" rel=\"noopener\">Como participar de confer\u00eancias e ligar para usu\u00e1rios TrueConf de um telefone comum?<\/a><br \/>\n<a href=\"https:\/\/trueconf.com\/br\/blog\/base-de-conhecimentos\/como-chamar-usuarios-e-dispositivos-sip-h-323-a-partir-de-aplicativos-trueconf.html\" target=\"_blank\" rel=\"noopener\">Como chamar usu\u00e1rios e dispositivos SIP\/H.323 a partir de aplicativos TrueConf<\/a><br \/>\n<a href=\"https:\/\/trueconf.com\/br\/blog\/base-de-conhecimentos\/como-o-https-e-o-webrtc-sao-conectados.html\" target=\"_blank\" rel=\"noopener\">Como o HTTPS e o WebRTC s\u00e3o conectados<\/a><br \/>\n<a href=\"https:\/\/trueconf.com\/br\/blog\/base-de-conhecimentos\/como-conectar-usuarios-de-diferentes-instancias-do-trueconf-server.html\" target=\"_blank\" rel=\"noopener\">Como conectar usu\u00e1rios de diferentes inst\u00e2ncias do TrueConf Server<\/a><br \/>\n<a href=\"https:\/\/trueconf.com\/br\/blog\/base-de-conhecimentos\/quais-portas-sao-usadas-pelo-trueconf-server.html\" target=\"_blank\" rel=\"noopener\">Quais portas s\u00e3o usadas pelo TrueConf Server<\/a><br \/>\n<a href=\"https:\/\/trueconf.com\/br\/blog\/base-de-conhecimentos\/como-conectar-fontes-rtsp-cameras-ip-durante-conferencias-trueconf.html\" target=\"_blank\" rel=\"noopener\">Como conectar fontes RTSP (c\u00e2meras IP) durante confer\u00eancias TrueConf<\/a><br \/>\n<a href=\"https:\/\/trueconf.com\/br\/blog\/base-de-conhecimentos\/tecnologias-de-transmissao-de-dados-nas-solucoes-trueconf.html\" target=\"_blank\" rel=\"noopener\">Tecnologias de transmiss\u00e3o de dados nas solu\u00e7\u00f5es TrueConf<\/a><br \/>\n<a href=\"https:\/\/trueconf.com\/br\/blog\/base-de-conhecimentos\/obtenha-seu-proprio-sistema-de-videoconferencia-em-15-minutos.html\" target=\"_blank\" rel=\"noopener\">Obtenha seu pr\u00f3prio sistema de videoconfer\u00eancia em 15 minutos!<\/a><\/p>\n","protected":false},"excerpt":{"rendered":"<p>Base de conhecimentos Nesta p\u00e1gina reunimos as perguntas mais frequentes de nossos usu\u00e1rios e administradores de sistema. Se voc\u00ea n\u00e3o encontrar uma pergunta que trate do seu problema ou problema, n\u00e3o se preocupe, basta abrir um widget de chat ao vivo nesta p\u00e1gina para obter suporte instant\u00e2neo. Esta \u00e9 uma vers\u00e3o incompleta da base de [&hellip;]<\/p>\n","protected":false},"author":2,"featured_media":0,"parent":0,"menu_order":0,"comment_status":"closed","ping_status":"closed","template":"","meta":{"inline_featured_image":false,"footnotes":""},"class_list":["post-156","page","type-page","status-publish","hentry","wpautop"],"_links":{"self":[{"href":"https:\/\/trueconf.com/pt-br/blog\/wp-json\/wp\/v2\/pages\/156","targetHints":{"allow":["GET"]}}],"collection":[{"href":"https:\/\/trueconf.com/pt-br/blog\/wp-json\/wp\/v2\/pages"}],"about":[{"href":"https:\/\/trueconf.com/pt-br/blog\/wp-json\/wp\/v2\/types\/page"}],"author":[{"embeddable":true,"href":"https:\/\/trueconf.com/pt-br/blog\/wp-json\/wp\/v2\/users\/2"}],"replies":[{"embeddable":true,"href":"https:\/\/trueconf.com/pt-br/blog\/wp-json\/wp\/v2\/comments?post=156"}],"version-history":[{"count":37,"href":"https:\/\/trueconf.com/pt-br/blog\/wp-json\/wp\/v2\/pages\/156\/revisions"}],"predecessor-version":[{"id":2305,"href":"https:\/\/trueconf.com/pt-br/blog\/wp-json\/wp\/v2\/pages\/156\/revisions\/2305"}],"wp:attachment":[{"href":"https:\/\/trueconf.com/pt-br/blog\/wp-json\/wp\/v2\/media?parent=156"}],"curies":[{"name":"wp","href":"https:\/\/api.w.org\/{rel}","templated":true}]}}